{"id":1560,"date":"2023-07-11T03:30:02","date_gmt":"2023-07-11T03:30:02","guid":{"rendered":"https:\/\/coated-aluminium.nl\/datenschutzbestimmungen\/"},"modified":"2023-09-18T05:09:41","modified_gmt":"2023-09-18T05:09:41","slug":"datenschutzbestimmungen","status":"publish","type":"page","link":"https:\/\/coated-aluminium.nl\/de\/datenschutzbestimmungen\/","title":{"rendered":"Datenschutzrichtlinie"},"content":{"rendered":"\t\t<div data-elementor-type=\"wp-page\" data-elementor-id=\"1560\" class=\"elementor elementor-1560 elementor-3\" data-elementor-post-type=\"page\">\n\t\t\t\t<div class=\"elementor-element elementor-element-8bbc93f e-con-full e-flex e-con e-parent\" data-id=\"8bbc93f\" data-element_type=\"container\" data-e-type=\"container\">\n\t\t\t\t<div class=\"elementor-element elementor-element-c38d2c9 elementor-widget elementor-widget-template\" data-id=\"c38d2c9\" data-element_type=\"widget\" data-e-type=\"widget\" data-widget_type=\"template.default\">\n\t\t\t\t<div class=\"elementor-widget-container\">\n\t\t\t\t\t\t\t<div class=\"elementor-template\">\n\t\t\t\t\t<div data-elementor-type=\"section\" data-elementor-id=\"1337\" class=\"elementor elementor-1337 elementor-406 elementor-406\" data-elementor-post-type=\"elementor_library\">\n\t\t\t<div class=\"elementor-element elementor-element-18652be e-flex e-con-boxed e-con e-parent\" data-id=\"18652be\" data-element_type=\"container\" data-e-type=\"container\" data-settings=\"{&quot;background_background&quot;:&quot;classic&quot;}\">\n\t\t\t\t\t<div class=\"e-con-inner\">\n\t\t\t\t<div class=\"elementor-element elementor-element-cd1d811 elementor-icon-list--layout-inline mi-breadcrumb elementor-list-item-link-full_width elementor-widget elementor-widget-icon-list\" data-id=\"cd1d811\" data-element_type=\"widget\" data-e-type=\"widget\" data-widget_type=\"icon-list.default\">\n\t\t\t\t<div class=\"elementor-widget-container\">\n\t\t\t\t\t\t\t<ul class=\"elementor-icon-list-items elementor-inline-items\">\n\t\t\t\t\t\t\t<li class=\"elementor-icon-list-item elementor-inline-item\">\n\t\t\t\t\t\t\t\t\t\t\t<a href=\"https:\/\/coated-aluminium.nl\/de\/\">\n\n\t\t\t\t\t\t\t\t\t\t\t\t<span class=\"elementor-icon-list-icon\">\n\t\t\t\t\t\t\t<svg xmlns=\"http:\/\/www.w3.org\/2000\/svg\" width=\"16\" height=\"16\" viewBox=\"0 0 16 16\" fill=\"none\"><path d=\"M4 14.6667H5.93478C6.21093 14.6667 6.43478 14.4429 6.43478 14.1667V11.4089C6.43478 10.8566 6.8825 10.4089 7.43478 10.4089H8.56522C9.1175 10.4089 9.56522 10.8566 9.56522 11.4089V14.1667C9.56522 14.4429 9.78907 14.6667 10.0652 14.6667H12C13.1046 14.6667 14 13.7713 14 12.6667V7.11005C14 6.50374 13.725 5.93016 13.2522 5.55055L9.25218 2.3388C8.5207 1.75147 7.4793 1.75147 6.74782 2.3388L2.74782 5.55055C2.27505 5.93016 2 6.50374 2 7.11005V12.6667C2 13.7713 2.89543 14.6667 4 14.6667Z\" fill=\"#D0D5DD\"><\/path><\/svg>\t\t\t\t\t\t<\/span>\n\t\t\t\t\t\t\t\t\t\t<span class=\"elementor-icon-list-text\">Startseite<\/span>\n\t\t\t\t\t\t\t\t\t\t\t<\/a>\n\t\t\t\t\t\t\t\t\t<\/li>\n\t\t\t\t\t\t\t\t<li class=\"elementor-icon-list-item elementor-inline-item\">\n\t\t\t\t\t\t\t\t\t\t\t<span class=\"elementor-icon-list-icon\">\n\t\t\t\t\t\t\t<svg xmlns=\"http:\/\/www.w3.org\/2000\/svg\" width=\"16\" height=\"16\" viewBox=\"0 0 16 16\" fill=\"none\"><path fill-rule=\"evenodd\" clip-rule=\"evenodd\" d=\"M10 8.00005C10 8.26527 9.89464 8.51962 9.70711 8.70716L6.50711 11.9072C6.11658 12.2977 5.48342 12.2977 5.09289 11.9072C4.70237 11.5166 4.70237 10.8835 5.09289 10.4929L7.58579 8.00005L5.09289 5.50716C4.70237 5.11663 4.70237 4.48347 5.09289 4.09294C5.48342 3.70242 6.11658 3.70242 6.50711 4.09294L9.70711 7.29294C9.89464 7.48048 10 7.73483 10 8.00005Z\" fill=\"#D0D5DD\"><\/path><\/svg>\t\t\t\t\t\t<\/span>\n\t\t\t\t\t\t\t\t\t\t<span class=\"elementor-icon-list-text\">Datenschutzrichtlinie<\/span>\n\t\t\t\t\t\t\t\t\t<\/li>\n\t\t\t\t\t\t<\/ul>\n\t\t\t\t\t\t<\/div>\n\t\t\t\t<\/div>\n\t\t\t\t\t<\/div>\n\t\t\t\t<\/div>\n\t\t\t\t<\/div>\n\t\t\t\t<\/div>\n\t\t\t\t\t\t<\/div>\n\t\t\t\t<\/div>\n\t\t\t\t<\/div>\n\t\t<div class=\"elementor-element elementor-element-0520d64 e-flex e-con-boxed e-con e-parent\" data-id=\"0520d64\" data-element_type=\"container\" data-e-type=\"container\">\n\t\t\t\t\t<div class=\"e-con-inner\">\n\t\t<div class=\"elementor-element elementor-element-111b034 e-con-full e-flex e-con e-parent\" data-id=\"111b034\" data-element_type=\"container\" data-e-type=\"container\">\n\t\t<div class=\"elementor-element elementor-element-c7fcfdd e-flex e-con-boxed e-con e-parent\" data-id=\"c7fcfdd\" data-element_type=\"container\" data-e-type=\"container\">\n\t\t\t\t\t<div class=\"e-con-inner\">\n\t\t\t\t<div class=\"elementor-element elementor-element-f250634 elementor-widget elementor-widget-heading\" data-id=\"f250634\" data-element_type=\"widget\" data-e-type=\"widget\" data-widget_type=\"heading.default\">\n\t\t\t\t<div class=\"elementor-widget-container\">\n\t\t\t\t\t<h1 class=\"elementor-heading-title elementor-size-default\">Datenschutzrichtlinie<\/h1>\t\t\t\t<\/div>\n\t\t\t\t<\/div>\n\t\t\t\t<div class=\"elementor-element elementor-element-80fda60 elementor-widget elementor-widget-text-editor\" data-id=\"80fda60\" data-element_type=\"widget\" data-e-type=\"widget\" data-widget_type=\"text-editor.default\">\n\t\t\t\t<div class=\"elementor-widget-container\">\n\t\t\t\t\t\t\t\t\t<p>Freebird Aluminium B.V., mit Sitz in &#8217;s-Hertogenbosch, Tweeling 8, 5215 MC<\/p>\n\t\t\t\t\t\t\t\t<\/div>\n\t\t\t\t<\/div>\n\t\t\t\t\t<\/div>\n\t\t\t\t<\/div>\n\t\t\t\t<div class=\"elementor-element elementor-element-edb9e3f text-area__margin elementor-widget elementor-widget-text-editor\" data-id=\"edb9e3f\" data-element_type=\"widget\" data-e-type=\"widget\" data-widget_type=\"text-editor.default\">\n\t\t\t\t<div class=\"elementor-widget-container\">\n\t\t\t\t\t\t\t\t\t<h2>Einf\u00fchrung<\/h2>\n<p>Willkommen bei Coated Aluminium. Ihre Privatsph\u00e4re ist uns wichtig, und diese Richtlinie beschreibt, wie<br \/>wir Ihre pers\u00f6nlichen Daten sammeln, verwenden, weitergeben und sch\u00fctzen, wenn Sie unsere Website besuchen, unsere Produkte kaufen<br \/>Produkte oder Dienstleistungen zu nutzen oder anderweitig mit uns zu kommunizieren.<\/p>\n<h2>Was sind personenbezogene Daten?<\/h2>\n<p>Personenbezogene Daten sind Informationen, die Sie identifizieren oder zu Ihrer Identifizierung verwendet werden k\u00f6nnen. Dazu k\u00f6nnen geh\u00f6ren<br \/>Ihren Namen, Ihre Kontaktangaben, Ihre IP-Adresse oder andere Informationen, die wir \u00fcber Sie in<br \/>in Verbindung mit unseren Dienstleistungen.<\/p>\n<h2>Welche Informationen sammeln wir?<\/h2>\n<p>Wir k\u00f6nnen Informationen \u00fcber Sie sammeln, wenn Sie unsere Website besuchen, sich registrieren, eine Bestellung aufgeben, sich<br \/>Newsletter zu abonnieren, auf eine Umfrage oder Kommunikation wie E-Mail zu antworten oder an einer<br \/>ein weiteres Merkmal der Website.<\/p>\n<h2>Wie verwenden wir Ihre Informationen?<\/h2>\n<p>Wir verwenden die von Ihnen gesammelten Informationen auf folgende Weise:<\/p>\n<ul>\n<li>Zur Verbesserung unserer Website und Dienstleistungen.<\/li>\n<li>Um Ihren Kundenservice zu verbessern.<\/li>\n<li>Um Ihnen Informationen, Produkte oder Dienstleistungen zur Verf\u00fcgung zu stellen, die Sie angefordert haben oder von denen wir glauben, dass sie<br \/>die f\u00fcr Sie von Interesse sind.<\/li>\n<\/ul>\n<h2>Weitergabe Ihrer Informationen<\/h2>\n<p>Wir verkaufen, handeln oder \u00fcbertragen Ihre pers\u00f6nlichen Daten nicht an Dritte ohne Ihre Zustimmung.<br \/>Zustimmung. Dies gilt nicht f\u00fcr vertrauensw\u00fcrdige Dritte, die uns beim Betrieb unserer Website unterst\u00fctzen,<br \/>unsere Gesch\u00e4fte zu f\u00fchren oder Ihnen zu dienen, solange diese Parteien zustimmen, diese Informationen aufzubewahren<br \/>vertraulich.<\/p>\n<h2>Ihre Rechte<\/h2>\n<p>Sie haben das Recht, auf Ihre personenbezogenen Daten zuzugreifen, sie zu berichtigen oder zu l\u00f6schen. Dar\u00fcber hinaus haben Sie die M\u00f6glichkeit<br \/>das Recht, Ihre Zustimmung zur Datenverarbeitung zu widerrufen oder der Verarbeitung Ihrer Daten zu widersprechen<br \/>pers\u00f6nlichen Daten durch unser Unternehmen.<\/p>\n<h2>Kontakt<\/h2>\n<p>Wenn Sie Fragen zu dieser Datenschutzerkl\u00e4rung haben, k\u00f6nnen Sie uns unter folgender Adresse kontaktieren<br \/>unten.<\/p>\n<p><a href=\"tel:+31735481100\"><span class=\"elementor-icon-list-text\">+31(0)73 548 11 00<\/span><\/a><\/p>\n<p><a href=\"tel:+31735481105\"><span class=\"elementor-icon-list-text\">+31(0)73 548 11 05<\/span><\/a><\/p>\n<p><a href=\"mailto:info@coated-aluminium.nl\"><span class=\"elementor-icon-list-text\">info@coated-aluminium.nl<\/span><\/a><\/p>\n<p>Ich m\u00f6chte noch einmal betonen, dass es sich hier um eine grundlegende Vorlage f\u00fcr eine Datenschutzrichtlinie handelt, und Sie sollten sich<br \/>mit einem qualifizierten Juristen, um die vollst\u00e4ndige Einhaltung der GDPR und anderer anwendbarer<br \/>Gesetze.<\/p>\n\t\t\t\t\t\t\t\t<\/div>\n\t\t\t\t<\/div>\n\t\t\t\t<\/div>\n\t\t\t\t\t<\/div>\n\t\t\t\t<\/div>\n\t\t\t\t<\/div>\n\t\t","protected":false},"excerpt":{"rendered":"<p>Freebird Aluminium B.V., mit Sitz in &#8217;s-Hertogenbosch, Tweeling 8, 5215 MC Einf\u00fchrung Willkommen bei Coated Aluminium. Ihre Privatsph\u00e4re ist uns wichtig, und diese Richtlinie beschreibt, wiewir Ihre pers\u00f6nlichen Daten sammeln, verwenden, weitergeben und sch\u00fctzen, wenn Sie unsere Website besuchen, unsere Produkte kaufenProdukte oder Dienstleistungen zu nutzen oder anderweitig mit uns zu kommunizieren. Was sind personenbezogene [&hellip;]<\/p>\n","protected":false},"author":1,"featured_media":0,"parent":0,"menu_order":0,"comment_status":"closed","ping_status":"closed","template":"elementor_header_footer","meta":{"_acf_changed":false,"footnotes":""},"class_list":["post-1560","page","type-page","status-publish","hentry"],"acf":[],"_links":{"self":[{"href":"https:\/\/coated-aluminium.nl\/de\/wp-json\/wp\/v2\/pages\/1560","targetHints":{"allow":["GET"]}}],"collection":[{"href":"https:\/\/coated-aluminium.nl\/de\/wp-json\/wp\/v2\/pages"}],"about":[{"href":"https:\/\/coated-aluminium.nl\/de\/wp-json\/wp\/v2\/types\/page"}],"author":[{"embeddable":true,"href":"https:\/\/coated-aluminium.nl\/de\/wp-json\/wp\/v2\/users\/1"}],"replies":[{"embeddable":true,"href":"https:\/\/coated-aluminium.nl\/de\/wp-json\/wp\/v2\/comments?post=1560"}],"version-history":[{"count":0,"href":"https:\/\/coated-aluminium.nl\/de\/wp-json\/wp\/v2\/pages\/1560\/revisions"}],"wp:attachment":[{"href":"https:\/\/coated-aluminium.nl\/de\/wp-json\/wp\/v2\/media?parent=1560"}],"curies":[{"name":"wp","href":"https:\/\/api.w.org\/{rel}","templated":true}]}}