{"id":1558,"date":"2023-07-11T03:30:02","date_gmt":"2023-07-11T03:30:02","guid":{"rendered":"https:\/\/coated-aluminium.nl\/politique-de-confidentialite\/"},"modified":"2023-09-18T04:52:00","modified_gmt":"2023-09-18T04:52:00","slug":"politique-de-confidentialite","status":"publish","type":"page","link":"https:\/\/coated-aluminium.nl\/fr\/politique-de-confidentialite\/","title":{"rendered":"Politique de confidentialit\u00e9"},"content":{"rendered":"\t\t<div data-elementor-type=\"wp-page\" data-elementor-id=\"1558\" class=\"elementor elementor-1558 elementor-3\" data-elementor-post-type=\"page\">\n\t\t\t\t<div class=\"elementor-element elementor-element-8bbc93f e-con-full e-flex e-con e-parent\" data-id=\"8bbc93f\" data-element_type=\"container\" data-e-type=\"container\">\n\t\t\t\t<div class=\"elementor-element elementor-element-c38d2c9 elementor-widget elementor-widget-template\" data-id=\"c38d2c9\" data-element_type=\"widget\" data-e-type=\"widget\" data-widget_type=\"template.default\">\n\t\t\t\t<div class=\"elementor-widget-container\">\n\t\t\t\t\t\t\t<div class=\"elementor-template\">\n\t\t\t\t\t<div data-elementor-type=\"section\" data-elementor-id=\"1302\" class=\"elementor elementor-1302 elementor-406 elementor-406\" data-elementor-post-type=\"elementor_library\">\n\t\t\t<div class=\"elementor-element elementor-element-18652be e-flex e-con-boxed e-con e-parent\" data-id=\"18652be\" data-element_type=\"container\" data-e-type=\"container\" data-settings=\"{&quot;background_background&quot;:&quot;classic&quot;}\">\n\t\t\t\t\t<div class=\"e-con-inner\">\n\t\t\t\t<div class=\"elementor-element elementor-element-cd1d811 elementor-icon-list--layout-inline mi-breadcrumb elementor-list-item-link-full_width elementor-widget elementor-widget-icon-list\" data-id=\"cd1d811\" data-element_type=\"widget\" data-e-type=\"widget\" data-widget_type=\"icon-list.default\">\n\t\t\t\t<div class=\"elementor-widget-container\">\n\t\t\t\t\t\t\t<ul class=\"elementor-icon-list-items elementor-inline-items\">\n\t\t\t\t\t\t\t<li class=\"elementor-icon-list-item elementor-inline-item\">\n\t\t\t\t\t\t\t\t\t\t\t<a href=\"https:\/\/coated-aluminium.nl\/fr\/\">\n\n\t\t\t\t\t\t\t\t\t\t\t\t<span class=\"elementor-icon-list-icon\">\n\t\t\t\t\t\t\t<svg xmlns=\"http:\/\/www.w3.org\/2000\/svg\" width=\"16\" height=\"16\" viewBox=\"0 0 16 16\" fill=\"none\"><path d=\"M4 14.6667H5.93478C6.21093 14.6667 6.43478 14.4429 6.43478 14.1667V11.4089C6.43478 10.8566 6.8825 10.4089 7.43478 10.4089H8.56522C9.1175 10.4089 9.56522 10.8566 9.56522 11.4089V14.1667C9.56522 14.4429 9.78907 14.6667 10.0652 14.6667H12C13.1046 14.6667 14 13.7713 14 12.6667V7.11005C14 6.50374 13.725 5.93016 13.2522 5.55055L9.25218 2.3388C8.5207 1.75147 7.4793 1.75147 6.74782 2.3388L2.74782 5.55055C2.27505 5.93016 2 6.50374 2 7.11005V12.6667C2 13.7713 2.89543 14.6667 4 14.6667Z\" fill=\"#D0D5DD\"><\/path><\/svg>\t\t\t\t\t\t<\/span>\n\t\t\t\t\t\t\t\t\t\t<span class=\"elementor-icon-list-text\">Accueil<\/span>\n\t\t\t\t\t\t\t\t\t\t\t<\/a>\n\t\t\t\t\t\t\t\t\t<\/li>\n\t\t\t\t\t\t\t\t<li class=\"elementor-icon-list-item elementor-inline-item\">\n\t\t\t\t\t\t\t\t\t\t\t<span class=\"elementor-icon-list-icon\">\n\t\t\t\t\t\t\t<svg xmlns=\"http:\/\/www.w3.org\/2000\/svg\" width=\"16\" height=\"16\" viewBox=\"0 0 16 16\" fill=\"none\"><path fill-rule=\"evenodd\" clip-rule=\"evenodd\" d=\"M10 8.00005C10 8.26527 9.89464 8.51962 9.70711 8.70716L6.50711 11.9072C6.11658 12.2977 5.48342 12.2977 5.09289 11.9072C4.70237 11.5166 4.70237 10.8835 5.09289 10.4929L7.58579 8.00005L5.09289 5.50716C4.70237 5.11663 4.70237 4.48347 5.09289 4.09294C5.48342 3.70242 6.11658 3.70242 6.50711 4.09294L9.70711 7.29294C9.89464 7.48048 10 7.73483 10 8.00005Z\" fill=\"#D0D5DD\"><\/path><\/svg>\t\t\t\t\t\t<\/span>\n\t\t\t\t\t\t\t\t\t\t<span class=\"elementor-icon-list-text\">Politique de confidentialit\u00e9<\/span>\n\t\t\t\t\t\t\t\t\t<\/li>\n\t\t\t\t\t\t<\/ul>\n\t\t\t\t\t\t<\/div>\n\t\t\t\t<\/div>\n\t\t\t\t\t<\/div>\n\t\t\t\t<\/div>\n\t\t\t\t<\/div>\n\t\t\t\t<\/div>\n\t\t\t\t\t\t<\/div>\n\t\t\t\t<\/div>\n\t\t\t\t<\/div>\n\t\t<div class=\"elementor-element elementor-element-0520d64 e-flex e-con-boxed e-con e-parent\" data-id=\"0520d64\" data-element_type=\"container\" data-e-type=\"container\">\n\t\t\t\t\t<div class=\"e-con-inner\">\n\t\t<div class=\"elementor-element elementor-element-111b034 e-con-full e-flex e-con e-parent\" data-id=\"111b034\" data-element_type=\"container\" data-e-type=\"container\">\n\t\t<div class=\"elementor-element elementor-element-c7fcfdd e-flex e-con-boxed e-con e-parent\" data-id=\"c7fcfdd\" data-element_type=\"container\" data-e-type=\"container\">\n\t\t\t\t\t<div class=\"e-con-inner\">\n\t\t\t\t<div class=\"elementor-element elementor-element-f250634 elementor-widget elementor-widget-heading\" data-id=\"f250634\" data-element_type=\"widget\" data-e-type=\"widget\" data-widget_type=\"heading.default\">\n\t\t\t\t<div class=\"elementor-widget-container\">\n\t\t\t\t\t<h1 class=\"elementor-heading-title elementor-size-default\">Politique de confidentialit\u00e9<\/h1>\t\t\t\t<\/div>\n\t\t\t\t<\/div>\n\t\t\t\t<div class=\"elementor-element elementor-element-80fda60 elementor-widget elementor-widget-text-editor\" data-id=\"80fda60\" data-element_type=\"widget\" data-e-type=\"widget\" data-widget_type=\"text-editor.default\">\n\t\t\t\t<div class=\"elementor-widget-container\">\n\t\t\t\t\t\t\t\t\t<p>Freebird Aluminium B.V., situ\u00e9 \u00e0 &lsquo;s-Hertogenbosch, Tweeling 8, 5215 MC<\/p>\n\t\t\t\t\t\t\t\t<\/div>\n\t\t\t\t<\/div>\n\t\t\t\t\t<\/div>\n\t\t\t\t<\/div>\n\t\t\t\t<div class=\"elementor-element elementor-element-edb9e3f text-area__margin elementor-widget elementor-widget-text-editor\" data-id=\"edb9e3f\" data-element_type=\"widget\" data-e-type=\"widget\" data-widget_type=\"text-editor.default\">\n\t\t\t\t<div class=\"elementor-widget-container\">\n\t\t\t\t\t\t\t\t\t<h2>Introduction<\/h2>\n<p>Bienvenue sur le site de Coated Aluminium. La protection de votre vie priv\u00e9e est importante pour nous, et cette politique d\u00e9crit comment<br \/>nous collectons, utilisons, partageons et prot\u00e9geons vos donn\u00e9es personnelles lorsque vous visitez notre site web, achetez notre<br \/>produits ou services, ou communiquer avec nous de toute autre mani\u00e8re.<\/p>\n<h2>Qu&rsquo;est-ce qu&rsquo;une donn\u00e9e \u00e0 caract\u00e8re personnel ?<\/h2>\n<p>Les donn\u00e9es personnelles sont des informations qui vous identifient ou qui peuvent \u00eatre utilis\u00e9es pour vous identifier. Il peut s&rsquo;agir<br \/>votre nom, vos coordonn\u00e9es, votre adresse IP ou d&rsquo;autres informations que nous recueillons \u00e0 votre sujet en<br \/>dans le cadre de nos services.<\/p>\n<h2>Quelles sont les informations que nous recueillons ?<\/h2>\n<p>Nous pouvons collecter des informations vous concernant lorsque vous visitez notre site web, vous inscrivez, passez une commande, signez<br \/>s&rsquo;inscrire \u00e0 notre bulletin d&rsquo;information, r\u00e9pondre \u00e0 une enqu\u00eate ou \u00e0 une communication telle qu&rsquo;un courrier \u00e9lectronique, ou participer \u00e0 un concours.<br \/>une autre caract\u00e9ristique du site.<\/p>\n<h2>Comment utilisons-nous vos informations ?<\/h2>\n<p>Nous utilisons les informations que nous recueillons aupr\u00e8s de vous de la mani\u00e8re suivante :<\/p>\n<ul>\n<li>Am\u00e9liorer notre site web et nos services.<\/li>\n<li>Am\u00e9liorer votre exp\u00e9rience en mati\u00e8re de service \u00e0 la client\u00e8le.<\/li>\n<li>Pour vous fournir des informations, des produits ou des services que vous demandez ou que nous pensons \u00eatre utiles.<br \/>d&rsquo;int\u00e9r\u00eat pour vous.<\/li>\n<\/ul>\n<h2>Partage des informations<\/h2>\n<p>Nous ne vendons pas, n&rsquo;\u00e9changeons pas et ne transf\u00e9rons pas vos donn\u00e9es personnelles \u00e0 des tiers sans votre consentement.<br \/>consentement. Cela n&rsquo;inclut pas les tiers de confiance qui nous assistent dans l&rsquo;exploitation de notre site web,<br \/>mener nos activit\u00e9s ou vous servir, pour autant que ces parties acceptent de conserver ces informations<br \/>confidentiel.<\/p>\n<h2>Vos droits<\/h2>\n<p>Vous avez le droit d&rsquo;acc\u00e9der \u00e0 vos donn\u00e9es personnelles, de les corriger ou de les supprimer. En outre, vous disposez de la<br \/>le droit de retirer votre consentement au traitement des donn\u00e9es ou de vous opposer au traitement de vos donn\u00e9es.<br \/>donn\u00e9es personnelles par notre soci\u00e9t\u00e9.<\/p>\n<h2>Nous contacter<\/h2>\n<p>Si vous avez des questions concernant cette politique de confidentialit\u00e9, vous pouvez nous contacter en utilisant les informations suivantes<br \/>ci-dessous.<\/p>\n<p><a href=\"tel:+31735481100\"><span class=\"elementor-icon-list-text\">+31(0)73 548 11 00<\/span><\/a><\/p>\n<p><a href=\"tel:+31735481105\"><span class=\"elementor-icon-list-text\">+31(0)73 548 11 05<\/span><\/a><\/p>\n<p><a href=\"mailto:info@coated-aluminium.nl\"><span class=\"elementor-icon-list-text\">info@coated-aluminium.nl<\/span><\/a><\/p>\n<p>Encore une fois, je tiens \u00e0 souligner qu&rsquo;il s&rsquo;agit d&rsquo;un mod\u00e8le de base pour une politique de protection de la vie priv\u00e9e, et qu&rsquo;il est conseill\u00e9 de consulter<br \/>avec un professionnel juridique qualifi\u00e9 afin de garantir une conformit\u00e9 totale avec le GDPR et les autres normes applicables.<br \/>lois.<\/p>\n\t\t\t\t\t\t\t\t<\/div>\n\t\t\t\t<\/div>\n\t\t\t\t<\/div>\n\t\t\t\t\t<\/div>\n\t\t\t\t<\/div>\n\t\t\t\t<\/div>\n\t\t","protected":false},"excerpt":{"rendered":"<p>Freebird Aluminium B.V., situ\u00e9 \u00e0 &lsquo;s-Hertogenbosch, Tweeling 8, 5215 MC Introduction Bienvenue sur le site de Coated Aluminium. La protection de votre vie priv\u00e9e est importante pour nous, et cette politique d\u00e9crit commentnous collectons, utilisons, partageons et prot\u00e9geons vos donn\u00e9es personnelles lorsque vous visitez notre site web, achetez notreproduits ou services, ou communiquer avec nous [&hellip;]<\/p>\n","protected":false},"author":1,"featured_media":0,"parent":0,"menu_order":0,"comment_status":"closed","ping_status":"closed","template":"elementor_header_footer","meta":{"_acf_changed":false,"footnotes":""},"class_list":["post-1558","page","type-page","status-publish","hentry"],"acf":[],"_links":{"self":[{"href":"https:\/\/coated-aluminium.nl\/fr\/wp-json\/wp\/v2\/pages\/1558","targetHints":{"allow":["GET"]}}],"collection":[{"href":"https:\/\/coated-aluminium.nl\/fr\/wp-json\/wp\/v2\/pages"}],"about":[{"href":"https:\/\/coated-aluminium.nl\/fr\/wp-json\/wp\/v2\/types\/page"}],"author":[{"embeddable":true,"href":"https:\/\/coated-aluminium.nl\/fr\/wp-json\/wp\/v2\/users\/1"}],"replies":[{"embeddable":true,"href":"https:\/\/coated-aluminium.nl\/fr\/wp-json\/wp\/v2\/comments?post=1558"}],"version-history":[{"count":0,"href":"https:\/\/coated-aluminium.nl\/fr\/wp-json\/wp\/v2\/pages\/1558\/revisions"}],"wp:attachment":[{"href":"https:\/\/coated-aluminium.nl\/fr\/wp-json\/wp\/v2\/media?parent=1558"}],"curies":[{"name":"wp","href":"https:\/\/api.w.org\/{rel}","templated":true}]}}